{"id":12355,"date":"2022-06-07T07:01:36","date_gmt":"2022-06-07T07:01:36","guid":{"rendered":"https:\/\/iluminacionnatural.artesolar.com\/formulario-de-contacto\/"},"modified":"2023-10-25T11:11:20","modified_gmt":"2023-10-25T11:11:20","slug":"contact","status":"publish","type":"page","link":"https:\/\/iluminacionnatural.artesolar.com\/en\/contact\/","title":{"rendered":"CONTACT"},"content":{"rendered":"\t\t<div data-elementor-type=\"wp-page\" data-elementor-id=\"12355\" class=\"elementor elementor-12355 elementor-40\" data-elementor-post-type=\"page\">\n\t\t\t\t\t\t<section class=\"elementor-section elementor-top-section elementor-element elementor-element-f04af63 elementor-section-full_width elementor-section-height-min-height elementor-section-height-default elementor-section-items-middle\" data-id=\"f04af63\" data-element_type=\"section\" data-e-type=\"section\" data-settings=\"{&quot;background_background&quot;:&quot;classic&quot;}\">\n\t\t\t\t\t\t\t<div class=\"elementor-background-overlay\"><\/div>\n\t\t\t\t\t\t\t<div class=\"elementor-container elementor-column-gap-default\">\n\t\t\t\t\t<div class=\"elementor-column elementor-col-100 elementor-top-column elementor-element elementor-element-6407fcd8\" data-id=\"6407fcd8\" data-element_type=\"column\" data-e-type=\"column\">\n\t\t\t<div class=\"elementor-widget-wrap elementor-element-populated\">\n\t\t\t\t\t\t<section class=\"elementor-section elementor-inner-section elementor-element elementor-element-7d079fe7 elementor-section-boxed elementor-section-height-default elementor-section-height-default\" data-id=\"7d079fe7\" data-element_type=\"section\" data-e-type=\"section\" data-settings=\"{&quot;background_background&quot;:&quot;classic&quot;}\">\n\t\t\t\t\t\t<div class=\"elementor-container elementor-column-gap-default\">\n\t\t\t\t\t<div class=\"elementor-column elementor-col-33 elementor-inner-column elementor-element elementor-element-493df57c\" data-id=\"493df57c\" data-element_type=\"column\" data-e-type=\"column\">\n\t\t\t<div class=\"elementor-widget-wrap\">\n\t\t\t\t\t\t\t<\/div>\n\t\t<\/div>\n\t\t\t\t<div class=\"elementor-column elementor-col-33 elementor-inner-column elementor-element elementor-element-780add01\" data-id=\"780add01\" data-element_type=\"column\" data-e-type=\"column\">\n\t\t\t<div class=\"elementor-widget-wrap elementor-element-populated\">\n\t\t\t\t\t\t<div class=\"elementor-element elementor-element-18b9785d elementor-widget elementor-widget-elementskit-heading\" data-id=\"18b9785d\" data-element_type=\"widget\" data-e-type=\"widget\" data-widget_type=\"elementskit-heading.default\">\n\t\t\t\t<div class=\"elementor-widget-container\">\n\t\t\t\t\t<div class=\"ekit-wid-con\" ><div class=\"ekit-heading elementskit-section-title-wraper text_center   ekit_heading_tablet-   ekit_heading_mobile-text_center\"><h1 class=\"ekit-heading--title elementskit-section-title \"><span><span>Contact<\/span><\/span><\/h1><div class=\"ekit_heading_separetor_wraper ekit_heading_elementskit-border-divider elementskit-style-long\"><div class=\"elementskit-border-divider elementskit-style-long\"><\/div><\/div><\/div><\/div>\t\t\t\t<\/div>\n\t\t\t\t<\/div>\n\t\t\t\t\t<\/div>\n\t\t<\/div>\n\t\t\t\t<div class=\"elementor-column elementor-col-33 elementor-inner-column elementor-element elementor-element-34dd93c3\" data-id=\"34dd93c3\" data-element_type=\"column\" data-e-type=\"column\">\n\t\t\t<div class=\"elementor-widget-wrap\">\n\t\t\t\t\t\t\t<\/div>\n\t\t<\/div>\n\t\t\t\t\t<\/div>\n\t\t<\/section>\n\t\t\t\t\t<\/div>\n\t\t<\/div>\n\t\t\t\t\t<\/div>\n\t\t<\/section>\n\t\t\t\t<section class=\"elementor-section elementor-top-section elementor-element elementor-element-f7ac3aa elementor-section-boxed elementor-section-height-default elementor-section-height-default\" data-id=\"f7ac3aa\" data-element_type=\"section\" data-e-type=\"section\">\n\t\t\t\t\t\t<div class=\"elementor-container elementor-column-gap-default\">\n\t\t\t\t\t<div class=\"elementor-column elementor-col-50 elementor-top-column elementor-element elementor-element-7d9f798\" data-id=\"7d9f798\" data-element_type=\"column\" data-e-type=\"column\">\n\t\t\t<div class=\"elementor-widget-wrap elementor-element-populated\">\n\t\t\t\t\t\t<section class=\"elementor-section elementor-inner-section elementor-element elementor-element-e10462d elementor-section-boxed elementor-section-height-default elementor-section-height-default\" data-id=\"e10462d\" data-element_type=\"section\" data-e-type=\"section\">\n\t\t\t\t\t\t<div class=\"elementor-container elementor-column-gap-default\">\n\t\t\t\t\t<div class=\"elementor-column elementor-col-100 elementor-inner-column elementor-element elementor-element-8136303\" data-id=\"8136303\" data-element_type=\"column\" data-e-type=\"column\">\n\t\t\t<div class=\"elementor-widget-wrap elementor-element-populated\">\n\t\t\t\t\t\t<div class=\"elementor-element elementor-element-70d6d02 elementor-widget elementor-widget-google_maps\" data-id=\"70d6d02\" data-element_type=\"widget\" data-e-type=\"widget\" data-widget_type=\"google_maps.default\">\n\t\t\t\t<div class=\"elementor-widget-container\">\n\t\t\t\t\t\t\t<div class=\"elementor-custom-embed\">\n\t\t\t<iframe loading=\"lazy\"\n\t\t\t\t\tsrc=\"https:\/\/maps.google.com\/maps?q=Ctra.%20Andaluc%C3%ADa%20km%2035%2C700%20nave%206%2C%20Sese%C3%B1a%20Nuevo.%20Espa%C3%B1a&#038;t=m&#038;z=14&#038;output=embed&#038;iwloc=near\"\n\t\t\t\t\ttitle=\"Ctra. Andaluc\u00eda km 35,700 nave 6, Sese\u00f1a Nuevo. Espa\u00f1a\"\n\t\t\t\t\taria-label=\"Ctra. Andaluc\u00eda km 35,700 nave 6, Sese\u00f1a Nuevo. Espa\u00f1a\"\n\t\t\t><\/iframe>\n\t\t<\/div>\n\t\t\t\t\t\t<\/div>\n\t\t\t\t<\/div>\n\t\t\t\t\t<\/div>\n\t\t<\/div>\n\t\t\t\t\t<\/div>\n\t\t<\/section>\n\t\t\t\t<section class=\"elementor-section elementor-inner-section elementor-element elementor-element-a75ce8a elementor-section-boxed elementor-section-height-default elementor-section-height-default\" data-id=\"a75ce8a\" data-element_type=\"section\" data-e-type=\"section\">\n\t\t\t\t\t\t<div class=\"elementor-container elementor-column-gap-default\">\n\t\t\t\t\t<div class=\"elementor-column elementor-col-50 elementor-inner-column elementor-element elementor-element-b39214c\" data-id=\"b39214c\" data-element_type=\"column\" data-e-type=\"column\" data-settings=\"{&quot;background_background&quot;:&quot;classic&quot;}\">\n\t\t\t<div class=\"elementor-widget-wrap elementor-element-populated\">\n\t\t\t\t\t\t<div class=\"elementor-element elementor-element-6c2f08f elementor-widget elementor-widget-heading\" data-id=\"6c2f08f\" data-element_type=\"widget\" data-e-type=\"widget\" data-widget_type=\"heading.default\">\n\t\t\t\t<div class=\"elementor-widget-container\">\n\t\t\t\t\t<h4 class=\"elementor-heading-title elementor-size-default\">Phone<\/h4>\t\t\t\t<\/div>\n\t\t\t\t<\/div>\n\t\t\t\t<div class=\"elementor-element elementor-element-9d1dd48 elementor-widget elementor-widget-heading\" data-id=\"9d1dd48\" data-element_type=\"widget\" data-e-type=\"widget\" data-widget_type=\"heading.default\">\n\t\t\t\t<div class=\"elementor-widget-container\">\n\t\t\t\t\t<h4 class=\"elementor-heading-title elementor-size-default\"><a href=\"tel:918013536\">+34 918 013 536<\/a><\/h4>\t\t\t\t<\/div>\n\t\t\t\t<\/div>\n\t\t\t\t\t<\/div>\n\t\t<\/div>\n\t\t\t\t<div class=\"elementor-column elementor-col-50 elementor-inner-column elementor-element elementor-element-5dd3355\" data-id=\"5dd3355\" data-element_type=\"column\" data-e-type=\"column\" data-settings=\"{&quot;background_background&quot;:&quot;classic&quot;}\">\n\t\t\t<div class=\"elementor-widget-wrap elementor-element-populated\">\n\t\t\t\t\t\t<div class=\"elementor-element elementor-element-a0ed3ac elementor-widget elementor-widget-heading\" data-id=\"a0ed3ac\" data-element_type=\"widget\" data-e-type=\"widget\" data-widget_type=\"heading.default\">\n\t\t\t\t<div class=\"elementor-widget-container\">\n\t\t\t\t\t<h4 class=\"elementor-heading-title elementor-size-default\">Email<\/h4>\t\t\t\t<\/div>\n\t\t\t\t<\/div>\n\t\t\t\t<div class=\"elementor-element elementor-element-695ab72 elementor-widget elementor-widget-heading\" data-id=\"695ab72\" data-element_type=\"widget\" data-e-type=\"widget\" data-widget_type=\"heading.default\">\n\t\t\t\t<div class=\"elementor-widget-container\">\n\t\t\t\t\t<h4 class=\"elementor-heading-title elementor-size-default\"><a href=\"mailto:info@artesolar.com\">info [at] artesolar.com<\/a><\/h4>\t\t\t\t<\/div>\n\t\t\t\t<\/div>\n\t\t\t\t\t<\/div>\n\t\t<\/div>\n\t\t\t\t\t<\/div>\n\t\t<\/section>\n\t\t\t\t<section class=\"elementor-section elementor-inner-section elementor-element elementor-element-bf6ac8e elementor-section-boxed elementor-section-height-default elementor-section-height-default\" data-id=\"bf6ac8e\" data-element_type=\"section\" data-e-type=\"section\">\n\t\t\t\t\t\t<div class=\"elementor-container elementor-column-gap-default\">\n\t\t\t\t\t<div class=\"elementor-column elementor-col-50 elementor-inner-column elementor-element elementor-element-94b6d68\" data-id=\"94b6d68\" data-element_type=\"column\" data-e-type=\"column\" data-settings=\"{&quot;background_background&quot;:&quot;classic&quot;}\">\n\t\t\t<div class=\"elementor-widget-wrap elementor-element-populated\">\n\t\t\t\t\t\t<div class=\"elementor-element elementor-element-382b5a2 elementor-widget elementor-widget-heading\" data-id=\"382b5a2\" data-element_type=\"widget\" data-e-type=\"widget\" data-widget_type=\"heading.default\">\n\t\t\t\t<div class=\"elementor-widget-container\">\n\t\t\t\t\t<h4 class=\"elementor-heading-title elementor-size-default\">Address<\/h4>\t\t\t\t<\/div>\n\t\t\t\t<\/div>\n\t\t\t\t<div class=\"elementor-element elementor-element-c69e9ad elementor-widget elementor-widget-heading\" data-id=\"c69e9ad\" data-element_type=\"widget\" data-e-type=\"widget\" data-widget_type=\"heading.default\">\n\t\t\t\t<div class=\"elementor-widget-container\">\n\t\t\t\t\t<h4 class=\"elementor-heading-title elementor-size-default\"><a href=\"https:\/\/www.google.com\/maps?opi=89978449&#038;client=firefox-b-d&#038;lqi=ChNkaXJlY2Npb24gYXJ0ZXNvbGFyIgJIAUjF8dnO7qqAgAhaDxAAGAAiCWFydGVzb2xhcpIBDG1hbnVmYWN0dXJlcqoBQRABKg0iCWFydGVzb2xhcigOMh8QASIb2sDVWDsIpJGtcTFQjv9RRP62SWax0huS-YVxMg0QAiIJYXJ0ZXNvbGFy&#038;phdesc=cOFIQwJix_k&#038;vet=12ahUKEwi-zPP5hOj_AhVgdqQEHVqpDtkQ1YkKegQIFxAB..i&#038;cs=0&#038;um=1&#038;ie=UTF-8&#038;fb=1&#038;gl=es&#038;sa=X&#038;geocode=KSF0cFtvG0INMTYkFUNcFjb2&#038;daddr=Ctra.+Andaluc%C3%ADa,+km+35,700,+6,+45224+Sese%C3%B1a+Nuevo,+Toledo\" target=\"_blank\">Ctra. Andaluc\u00eda km 35,700 nave 6, Sese\u00f1a Nuevo. Spain<\/a><\/h4>\t\t\t\t<\/div>\n\t\t\t\t<\/div>\n\t\t\t\t\t<\/div>\n\t\t<\/div>\n\t\t\t\t<div class=\"elementor-column elementor-col-50 elementor-inner-column elementor-element elementor-element-548d5b5\" data-id=\"548d5b5\" data-element_type=\"column\" data-e-type=\"column\" data-settings=\"{&quot;background_background&quot;:&quot;classic&quot;}\">\n\t\t\t<div class=\"elementor-widget-wrap elementor-element-populated\">\n\t\t\t\t\t\t<div class=\"elementor-element elementor-element-8667602 elementor-widget elementor-widget-heading\" data-id=\"8667602\" data-element_type=\"widget\" data-e-type=\"widget\" data-widget_type=\"heading.default\">\n\t\t\t\t<div class=\"elementor-widget-container\">\n\t\t\t\t\t<h4 class=\"elementor-heading-title elementor-size-default\">Schedule<\/h4>\t\t\t\t<\/div>\n\t\t\t\t<\/div>\n\t\t\t\t<div class=\"elementor-element elementor-element-fd26385 elementor-widget elementor-widget-heading\" data-id=\"fd26385\" data-element_type=\"widget\" data-e-type=\"widget\" data-widget_type=\"heading.default\">\n\t\t\t\t<div class=\"elementor-widget-container\">\n\t\t\t\t\t<h4 class=\"elementor-heading-title elementor-size-default\">Mon - Thu\n08:30 - 14:30 y 15:30 - 18:00\n\nFriday\n8:30 - 14:30<\/h4>\t\t\t\t<\/div>\n\t\t\t\t<\/div>\n\t\t\t\t\t<\/div>\n\t\t<\/div>\n\t\t\t\t\t<\/div>\n\t\t<\/section>\n\t\t\t\t\t<\/div>\n\t\t<\/div>\n\t\t\t\t<div class=\"elementor-column elementor-col-50 elementor-top-column elementor-element elementor-element-7a56da0\" data-id=\"7a56da0\" data-element_type=\"column\" data-e-type=\"column\">\n\t\t\t<div class=\"elementor-widget-wrap elementor-element-populated\">\n\t\t\t\t\t\t<div class=\"elementor-element elementor-element-7a3d91f elementor-widget elementor-widget-elementskit-heading\" data-id=\"7a3d91f\" data-element_type=\"widget\" data-e-type=\"widget\" data-widget_type=\"elementskit-heading.default\">\n\t\t\t\t<div class=\"elementor-widget-container\">\n\t\t\t\t\t<div class=\"ekit-wid-con\" ><div class=\"ekit-heading elementskit-section-title-wraper text_left   ekit_heading_tablet-text_center   ekit_heading_mobile-text_center\"><h2 class=\"ekit-heading--title elementskit-section-title \"><span><span>CONTACT<\/span><\/span> FORM<\/h2><div class=\"ekit_heading_separetor_wraper ekit_heading_elementskit-border-divider elementskit-style-long\"><div class=\"elementskit-border-divider elementskit-style-long\"><\/div><\/div><\/div><\/div>\t\t\t\t<\/div>\n\t\t\t\t<\/div>\n\t\t\t\t<div class=\"elementor-element elementor-element-3b4b526 elementor-widget elementor-widget-elementskit-contact-form7\" data-id=\"3b4b526\" data-element_type=\"widget\" data-e-type=\"widget\" data-widget_type=\"elementskit-contact-form7.default\">\n\t\t\t\t<div class=\"elementor-widget-container\">\n\t\t\t\t\t<div class=\"ekit-wid-con\" ><div class=\"ekit-form\">\n<div class=\"wpcf7 no-js\" id=\"wpcf7-f4655-o1\" lang=\"es-ES\" dir=\"ltr\" data-wpcf7-id=\"4655\">\n<div class=\"screen-reader-response\"><p role=\"status\" aria-live=\"polite\" aria-atomic=\"true\"><\/p> <ul><\/ul><\/div>\n<form action=\"\/en\/wp-json\/wp\/v2\/pages\/12355#wpcf7-f4655-o1\" method=\"post\" class=\"wpcf7-form init\" aria-label=\"Formulario de contacto\" novalidate=\"novalidate\" data-status=\"init\">\n<fieldset class=\"hidden-fields-container\"><input type=\"hidden\" name=\"_wpcf7\" value=\"4655\" \/><input type=\"hidden\" name=\"_wpcf7_version\" value=\"6.1.5\" \/><input type=\"hidden\" name=\"_wpcf7_locale\" value=\"es_ES\" \/><input type=\"hidden\" name=\"_wpcf7_unit_tag\" value=\"wpcf7-f4655-o1\" \/><input type=\"hidden\" name=\"_wpcf7_container_post\" value=\"0\" \/><input type=\"hidden\" name=\"_wpcf7_posted_data_hash\" value=\"\" \/>\n<\/fieldset>\n<p><label> Nombre*<br \/>\n<span class=\"wpcf7-form-control-wrap\" data-name=\"your-name\"><input size=\"40\" maxlength=\"400\" class=\"wpcf7-form-control wpcf7-text wpcf7-validates-as-required\" autocomplete=\"name\" aria-required=\"true\" aria-invalid=\"false\" value=\"\" type=\"text\" name=\"your-name\" \/><\/span> <\/label>\n<\/p>\n<p><label> Correo electr\u00f3nico*<br \/>\n<span class=\"wpcf7-form-control-wrap\" data-name=\"your-email\"><input size=\"40\" maxlength=\"400\" class=\"wpcf7-form-control wpcf7-email wpcf7-validates-as-required wpcf7-text wpcf7-validates-as-email\" autocomplete=\"email\" aria-required=\"true\" aria-invalid=\"false\" value=\"\" type=\"email\" name=\"your-email\" \/><\/span> <\/label>\n<\/p>\n<p><label> Tel\u00e9fono<br \/>\n<span class=\"wpcf7-form-control-wrap\" data-name=\"tel-390\"><input size=\"40\" maxlength=\"400\" class=\"wpcf7-form-control wpcf7-tel wpcf7-text wpcf7-validates-as-tel\" aria-invalid=\"false\" value=\"\" type=\"tel\" name=\"tel-390\" \/><\/span> <\/label>\n<\/p>\n<p><label> Asunto*<br \/>\n<span class=\"wpcf7-form-control-wrap\" data-name=\"your-subject\"><input size=\"40\" maxlength=\"400\" class=\"wpcf7-form-control wpcf7-text wpcf7-validates-as-required\" aria-required=\"true\" aria-invalid=\"false\" value=\"\" type=\"text\" name=\"your-subject\" \/><\/span> <\/label>\n<\/p>\n<p><label> Escribe tu mensaje<br \/>\n<span class=\"wpcf7-form-control-wrap\" data-name=\"your-message\"><textarea cols=\"40\" rows=\"10\" maxlength=\"2000\" class=\"wpcf7-form-control wpcf7-textarea\" aria-invalid=\"false\" name=\"your-message\"><\/textarea><\/span> <\/label>\n<\/p>\n<p><label>Privacidad<\/label><br \/>\n<span><\/span>\n<\/p>\n<p style=\"font-size: 12px;\">Le informamos de que los datos personales que figuran en el presente formulario ser\u00e1n incorporados a un fichero. Al proporcionar estos datos autoriza expresamente a Artesolar Iluminaci\u00f3n al tratamiento de los mismos para la prestaci\u00f3n de los servicios requeridos por usted o contratados. Si acepta recibir newsletters de Artesolar, en ocasiones le enviaremos comunicaciones. Usted puede ejercer sus derechos de acceso, rectificaci\u00f3n, cancelaci\u00f3n u oposici\u00f3n dirigi\u00e9ndose a: gdpr@artesolar.com. <a href=\"\/politica-de-privacidad\/\" target=\"_blank\" rel=\"noopener\"><span style=\"color: #000000; font-size: 12px;\">Informaci\u00f3n adicional<\/span><\/a>.\n<\/p>\n<p><label>Privacidad<\/label><br \/>\n<span class=\"wpcf7-form-control-wrap\" data-name=\"acceptance-317\"><span class=\"wpcf7-form-control wpcf7-acceptance\"><span class=\"wpcf7-list-item\"><label><input type=\"checkbox\" name=\"acceptance-317\" value=\"1\" aria-invalid=\"false\" \/><span class=\"wpcf7-list-item-label\"><span><p style=\"font-size: 12px;\">He le\u00eddo y acepto la <a href=\"\/politica-de-privacidad\/\" target=\"_blank\" rel=\"noopener\"><span style=\"color: #000000; font-size: 12px;\">Pol\u00edtica de Privacidad y Cookies<\/span><\/a>.<\/p><\/span><\/label><\/span><\/span><\/span>\n<\/p>\n<p><span class=\"wpcf7-form-control-wrap\" data-name=\"acceptance-318\"><span class=\"wpcf7-form-control wpcf7-acceptance\"><span class=\"wpcf7-list-item\"><label><input type=\"checkbox\" name=\"acceptance-318\" value=\"1\" aria-invalid=\"false\" \/><span class=\"wpcf7-list-item-label\">Acepto recibir informaci\u00f3n de servicios y productos de Artesolar<\/span><\/label><\/span><\/span><\/span><br \/>\n<span><br \/>\n<input class=\"wpcf7-form-control wpcf7-submit has-spinner\" type=\"submit\" value=\"ENVIAR MENSAJE\" \/><br \/>\n<\/span>\n<\/p><div class=\"wpcf7-response-output\" aria-hidden=\"true\"><\/div>\n<\/form>\n<\/div>\n<\/div><\/div>\t\t\t\t<\/div>\n\t\t\t\t<\/div>\n\t\t\t\t\t<\/div>\n\t\t<\/div>\n\t\t\t\t\t<\/div>\n\t\t<\/section>\n\t\t\t\t<\/div>\n\t\t","protected":false},"excerpt":{"rendered":"<p>Contact Phone +34 918 013 536 Email info [at] artesolar.com Address Ctra. Andaluc\u00eda km 35,700 nave 6, Sese\u00f1a Nuevo. Spain Schedule Mon &#8211; Thu 08:30 &#8211; 14:30 y 15:30 &#8211; 18:00 Friday 8:30 &#8211; 14:30 CONTACT FORM Nombre* Correo electr\u00f3nico* Asunto* Escribe tu mensaje Privacidad Le informamos de que los datos personales que figuran en [&hellip;]<\/p>\n","protected":false},"author":1,"featured_media":0,"parent":0,"menu_order":0,"comment_status":"closed","ping_status":"closed","template":"elementor_header_footer","meta":{"footnotes":""},"class_list":["post-12355","page","type-page","status-publish","hentry"],"yoast_head":"<!-- This site is optimized with the Yoast SEO plugin v27.4 - https:\/\/yoast.com\/product\/yoast-seo-wordpress\/ -->\n<title>CONTACT - Iluminaci\u00f3n profesional y proyectos | Artesolar<\/title>\n<meta name=\"description\" content=\"Artesolar Sunoptics contact\" \/>\n<meta name=\"robots\" content=\"index, follow, max-snippet:-1, max-image-preview:large, max-video-preview:-1\" \/>\n<link rel=\"canonical\" href=\"https:\/\/iluminacionnatural.artesolar.com\/en\/contact\/\" \/>\n<meta property=\"og:locale\" content=\"en_US\" \/>\n<meta property=\"og:type\" content=\"article\" \/>\n<meta property=\"og:title\" content=\"CONTACT - Iluminaci\u00f3n profesional y proyectos | Artesolar\" \/>\n<meta property=\"og:description\" content=\"Artesolar Sunoptics contact\" \/>\n<meta property=\"og:url\" content=\"https:\/\/iluminacionnatural.artesolar.com\/en\/contact\/\" \/>\n<meta property=\"og:site_name\" content=\"Iluminaci\u00f3n profesional y proyectos | Artesolar\" \/>\n<meta property=\"article:modified_time\" content=\"2023-10-25T11:11:20+00:00\" \/>\n<meta name=\"twitter:card\" content=\"summary_large_image\" \/>\n<meta name=\"twitter:label1\" content=\"Est. reading time\" \/>\n\t<meta name=\"twitter:data1\" content=\"1 minute\" \/>\n<script type=\"application\/ld+json\" class=\"yoast-schema-graph\">{\"@context\":\"https:\\\/\\\/schema.org\",\"@graph\":[{\"@type\":\"WebPage\",\"@id\":\"https:\\\/\\\/iluminacionnatural.artesolar.com\\\/en\\\/contact\\\/\",\"url\":\"https:\\\/\\\/iluminacionnatural.artesolar.com\\\/en\\\/contact\\\/\",\"name\":\"CONTACT - Iluminaci\u00f3n profesional y proyectos | Artesolar\",\"isPartOf\":{\"@id\":\"https:\\\/\\\/iluminacionnatural.artesolar.com\\\/en\\\/#website\"},\"datePublished\":\"2022-06-07T07:01:36+00:00\",\"dateModified\":\"2023-10-25T11:11:20+00:00\",\"description\":\"Artesolar Sunoptics contact\",\"breadcrumb\":{\"@id\":\"https:\\\/\\\/iluminacionnatural.artesolar.com\\\/en\\\/contact\\\/#breadcrumb\"},\"inLanguage\":\"en-US\",\"potentialAction\":[{\"@type\":\"ReadAction\",\"target\":[\"https:\\\/\\\/iluminacionnatural.artesolar.com\\\/en\\\/contact\\\/\"]}]},{\"@type\":\"BreadcrumbList\",\"@id\":\"https:\\\/\\\/iluminacionnatural.artesolar.com\\\/en\\\/contact\\\/#breadcrumb\",\"itemListElement\":[{\"@type\":\"ListItem\",\"position\":1,\"name\":\"Portada\",\"item\":\"https:\\\/\\\/iluminacionnatural.artesolar.com\\\/en\\\/\"},{\"@type\":\"ListItem\",\"position\":2,\"name\":\"CONTACT\"}]},{\"@type\":\"WebSite\",\"@id\":\"https:\\\/\\\/iluminacionnatural.artesolar.com\\\/en\\\/#website\",\"url\":\"https:\\\/\\\/iluminacionnatural.artesolar.com\\\/en\\\/\",\"name\":\"Claraboya microprism\u00e1tica Sunoptics\",\"description\":\"Artesolar, empresa l\u00edder en iluminaci\u00f3n profesional y asesoramiento lum\u00ednico. Somos frabricantes de luminarias con la m\u00e1s avanzada tecnolog\u00eda LED.\",\"publisher\":{\"@id\":\"https:\\\/\\\/iluminacionnatural.artesolar.com\\\/en\\\/#organization\"},\"potentialAction\":[{\"@type\":\"SearchAction\",\"target\":{\"@type\":\"EntryPoint\",\"urlTemplate\":\"https:\\\/\\\/iluminacionnatural.artesolar.com\\\/en\\\/?s={search_term_string}\"},\"query-input\":{\"@type\":\"PropertyValueSpecification\",\"valueRequired\":true,\"valueName\":\"search_term_string\"}}],\"inLanguage\":\"en-US\"},{\"@type\":\"Organization\",\"@id\":\"https:\\\/\\\/iluminacionnatural.artesolar.com\\\/en\\\/#organization\",\"name\":\"Artesolar Daylighting\",\"url\":\"https:\\\/\\\/iluminacionnatural.artesolar.com\\\/en\\\/\",\"logo\":{\"@type\":\"ImageObject\",\"inLanguage\":\"en-US\",\"@id\":\"https:\\\/\\\/iluminacionnatural.artesolar.com\\\/en\\\/#\\\/schema\\\/logo\\\/image\\\/\",\"url\":\"https:\\\/\\\/iluminacionnatural.artesolar.com\\\/wp-content\\\/uploads\\\/2023\\\/06\\\/cropped-logo-500px-1.png\",\"contentUrl\":\"https:\\\/\\\/iluminacionnatural.artesolar.com\\\/wp-content\\\/uploads\\\/2023\\\/06\\\/cropped-logo-500px-1.png\",\"width\":500,\"height\":85,\"caption\":\"Artesolar Daylighting\"},\"image\":{\"@id\":\"https:\\\/\\\/iluminacionnatural.artesolar.com\\\/en\\\/#\\\/schema\\\/logo\\\/image\\\/\"}}]}<\/script>\n<!-- \/ Yoast SEO plugin. -->","yoast_head_json":{"title":"CONTACT - Iluminaci\u00f3n profesional y proyectos | Artesolar","description":"Artesolar Sunoptics contact","robots":{"index":"index","follow":"follow","max-snippet":"max-snippet:-1","max-image-preview":"max-image-preview:large","max-video-preview":"max-video-preview:-1"},"canonical":"https:\/\/iluminacionnatural.artesolar.com\/en\/contact\/","og_locale":"en_US","og_type":"article","og_title":"CONTACT - Iluminaci\u00f3n profesional y proyectos | Artesolar","og_description":"Artesolar Sunoptics contact","og_url":"https:\/\/iluminacionnatural.artesolar.com\/en\/contact\/","og_site_name":"Iluminaci\u00f3n profesional y proyectos | Artesolar","article_modified_time":"2023-10-25T11:11:20+00:00","twitter_card":"summary_large_image","twitter_misc":{"Est. reading time":"1 minute"},"schema":{"@context":"https:\/\/schema.org","@graph":[{"@type":"WebPage","@id":"https:\/\/iluminacionnatural.artesolar.com\/en\/contact\/","url":"https:\/\/iluminacionnatural.artesolar.com\/en\/contact\/","name":"CONTACT - Iluminaci\u00f3n profesional y proyectos | Artesolar","isPartOf":{"@id":"https:\/\/iluminacionnatural.artesolar.com\/en\/#website"},"datePublished":"2022-06-07T07:01:36+00:00","dateModified":"2023-10-25T11:11:20+00:00","description":"Artesolar Sunoptics contact","breadcrumb":{"@id":"https:\/\/iluminacionnatural.artesolar.com\/en\/contact\/#breadcrumb"},"inLanguage":"en-US","potentialAction":[{"@type":"ReadAction","target":["https:\/\/iluminacionnatural.artesolar.com\/en\/contact\/"]}]},{"@type":"BreadcrumbList","@id":"https:\/\/iluminacionnatural.artesolar.com\/en\/contact\/#breadcrumb","itemListElement":[{"@type":"ListItem","position":1,"name":"Portada","item":"https:\/\/iluminacionnatural.artesolar.com\/en\/"},{"@type":"ListItem","position":2,"name":"CONTACT"}]},{"@type":"WebSite","@id":"https:\/\/iluminacionnatural.artesolar.com\/en\/#website","url":"https:\/\/iluminacionnatural.artesolar.com\/en\/","name":"Claraboya microprism\u00e1tica Sunoptics","description":"Artesolar, empresa l\u00edder en iluminaci\u00f3n profesional y asesoramiento lum\u00ednico. Somos frabricantes de luminarias con la m\u00e1s avanzada tecnolog\u00eda LED.","publisher":{"@id":"https:\/\/iluminacionnatural.artesolar.com\/en\/#organization"},"potentialAction":[{"@type":"SearchAction","target":{"@type":"EntryPoint","urlTemplate":"https:\/\/iluminacionnatural.artesolar.com\/en\/?s={search_term_string}"},"query-input":{"@type":"PropertyValueSpecification","valueRequired":true,"valueName":"search_term_string"}}],"inLanguage":"en-US"},{"@type":"Organization","@id":"https:\/\/iluminacionnatural.artesolar.com\/en\/#organization","name":"Artesolar Daylighting","url":"https:\/\/iluminacionnatural.artesolar.com\/en\/","logo":{"@type":"ImageObject","inLanguage":"en-US","@id":"https:\/\/iluminacionnatural.artesolar.com\/en\/#\/schema\/logo\/image\/","url":"https:\/\/iluminacionnatural.artesolar.com\/wp-content\/uploads\/2023\/06\/cropped-logo-500px-1.png","contentUrl":"https:\/\/iluminacionnatural.artesolar.com\/wp-content\/uploads\/2023\/06\/cropped-logo-500px-1.png","width":500,"height":85,"caption":"Artesolar Daylighting"},"image":{"@id":"https:\/\/iluminacionnatural.artesolar.com\/en\/#\/schema\/logo\/image\/"}}]}},"_links":{"self":[{"href":"https:\/\/iluminacionnatural.artesolar.com\/en\/wp-json\/wp\/v2\/pages\/12355","targetHints":{"allow":["GET"]}}],"collection":[{"href":"https:\/\/iluminacionnatural.artesolar.com\/en\/wp-json\/wp\/v2\/pages"}],"about":[{"href":"https:\/\/iluminacionnatural.artesolar.com\/en\/wp-json\/wp\/v2\/types\/page"}],"author":[{"embeddable":true,"href":"https:\/\/iluminacionnatural.artesolar.com\/en\/wp-json\/wp\/v2\/users\/1"}],"replies":[{"embeddable":true,"href":"https:\/\/iluminacionnatural.artesolar.com\/en\/wp-json\/wp\/v2\/comments?post=12355"}],"version-history":[{"count":5,"href":"https:\/\/iluminacionnatural.artesolar.com\/en\/wp-json\/wp\/v2\/pages\/12355\/revisions"}],"predecessor-version":[{"id":12360,"href":"https:\/\/iluminacionnatural.artesolar.com\/en\/wp-json\/wp\/v2\/pages\/12355\/revisions\/12360"}],"wp:attachment":[{"href":"https:\/\/iluminacionnatural.artesolar.com\/en\/wp-json\/wp\/v2\/media?parent=12355"}],"curies":[{"name":"wp","href":"https:\/\/api.w.org\/{rel}","templated":true}]}}